{"id":16,"date":"2023-02-20T15:51:13","date_gmt":"2023-02-20T18:51:13","guid":{"rendered":"https:\/\/cursaueducacao.com.br\/blog\/?page_id=16"},"modified":"2023-02-20T15:51:14","modified_gmt":"2023-02-20T18:51:14","slug":"inicio","status":"publish","type":"page","link":"https:\/\/cursaueducacao.com.br\/blog\/inicio\/","title":{"rendered":"Inicio"},"content":{"rendered":"","protected":false},"excerpt":{"rendered":"","protected":false},"author":1,"featured_media":0,"parent":0,"menu_order":0,"comment_status":"closed","ping_status":"closed","template":"","meta":{"footnotes":""},"class_list":["post-16","page","type-page","status-publish","hentry"],"yoast_head":"<!-- This site is optimized with the Yoast SEO plugin v27.0 - https:\/\/yoast.com\/product\/yoast-seo-wordpress\/ -->\n<title>Inicio - Cursau Educa\u00e7\u00e3o - Blog<\/title>\n<meta name=\"robots\" content=\"index, follow, max-snippet:-1, max-image-preview:large, max-video-preview:-1\" \/>\n<link rel=\"canonical\" href=\"https:\/\/cursaueducacao.com.br\/blog\/inicio\/\" \/>\n<meta property=\"og:locale\" content=\"pt_BR\" \/>\n<meta property=\"og:type\" content=\"article\" \/>\n<meta property=\"og:title\" content=\"Inicio - Cursau Educa\u00e7\u00e3o - Blog\" \/>\n<meta property=\"og:url\" content=\"https:\/\/cursaueducacao.com.br\/blog\/inicio\/\" \/>\n<meta property=\"og:site_name\" content=\"Cursau Educa\u00e7\u00e3o - Blog\" \/>\n<meta property=\"article:publisher\" content=\"https:\/\/www.facebook.com\/cursaucursos\" \/>\n<meta property=\"article:modified_time\" content=\"2023-02-20T18:51:14+00:00\" \/>\n<meta name=\"twitter:card\" content=\"summary_large_image\" \/>\n<script type=\"application\/ld+json\" class=\"yoast-schema-graph\">{\"@context\":\"https:\/\/schema.org\",\"@graph\":[{\"@type\":\"WebPage\",\"@id\":\"https:\/\/cursaueducacao.com.br\/blog\/inicio\/\",\"url\":\"https:\/\/cursaueducacao.com.br\/blog\/inicio\/\",\"name\":\"Inicio - Cursau Educa\u00e7\u00e3o - Blog\",\"isPartOf\":{\"@id\":\"https:\/\/cursaueducacao.com.br\/blog\/#website\"},\"datePublished\":\"2023-02-20T18:51:13+00:00\",\"dateModified\":\"2023-02-20T18:51:14+00:00\",\"breadcrumb\":{\"@id\":\"https:\/\/cursaueducacao.com.br\/blog\/inicio\/#breadcrumb\"},\"inLanguage\":\"pt-BR\",\"potentialAction\":[{\"@type\":\"ReadAction\",\"target\":[\"https:\/\/cursaueducacao.com.br\/blog\/inicio\/\"]}]},{\"@type\":\"BreadcrumbList\",\"@id\":\"https:\/\/cursaueducacao.com.br\/blog\/inicio\/#breadcrumb\",\"itemListElement\":[{\"@type\":\"ListItem\",\"position\":1,\"name\":\"In\u00edcio\",\"item\":\"https:\/\/cursaueducacao.com.br\/blog\/\"},{\"@type\":\"ListItem\",\"position\":2,\"name\":\"Inicio\"}]},{\"@type\":\"WebSite\",\"@id\":\"https:\/\/cursaueducacao.com.br\/blog\/#website\",\"url\":\"https:\/\/cursaueducacao.com.br\/blog\/\",\"name\":\"Cursau Educa\u00e7\u00e3o - Blog\",\"description\":\"Blog da Cursau Educa\u00e7\u00e3o\",\"publisher\":{\"@id\":\"https:\/\/cursaueducacao.com.br\/blog\/#organization\"},\"potentialAction\":[{\"@type\":\"SearchAction\",\"target\":{\"@type\":\"EntryPoint\",\"urlTemplate\":\"https:\/\/cursaueducacao.com.br\/blog\/?s={search_term_string}\"},\"query-input\":{\"@type\":\"PropertyValueSpecification\",\"valueRequired\":true,\"valueName\":\"search_term_string\"}}],\"inLanguage\":\"pt-BR\"},{\"@type\":\"Organization\",\"@id\":\"https:\/\/cursaueducacao.com.br\/blog\/#organization\",\"name\":\"Cursau Educa\u00e7\u00e3o\",\"url\":\"https:\/\/cursaueducacao.com.br\/blog\/\",\"logo\":{\"@type\":\"ImageObject\",\"inLanguage\":\"pt-BR\",\"@id\":\"https:\/\/cursaueducacao.com.br\/blog\/#\/schema\/logo\/image\/\",\"url\":\"https:\/\/cursaueducacao.com.br\/blog\/wp-content\/uploads\/2023\/02\/Logo-cor-Vertical.png\",\"contentUrl\":\"https:\/\/cursaueducacao.com.br\/blog\/wp-content\/uploads\/2023\/02\/Logo-cor-Vertical.png\",\"width\":5751,\"height\":4900,\"caption\":\"Cursau Educa\u00e7\u00e3o\"},\"image\":{\"@id\":\"https:\/\/cursaueducacao.com.br\/blog\/#\/schema\/logo\/image\/\"},\"sameAs\":[\"https:\/\/www.facebook.com\/cursaucursos\",\"https:\/\/www.instagram.com\/cursaucursos\"]}]}<\/script>\n<!-- \/ Yoast SEO plugin. -->","yoast_head_json":{"title":"Inicio - Cursau Educa\u00e7\u00e3o - Blog","robots":{"index":"index","follow":"follow","max-snippet":"max-snippet:-1","max-image-preview":"max-image-preview:large","max-video-preview":"max-video-preview:-1"},"canonical":"https:\/\/cursaueducacao.com.br\/blog\/inicio\/","og_locale":"pt_BR","og_type":"article","og_title":"Inicio - Cursau Educa\u00e7\u00e3o - Blog","og_url":"https:\/\/cursaueducacao.com.br\/blog\/inicio\/","og_site_name":"Cursau Educa\u00e7\u00e3o - Blog","article_publisher":"https:\/\/www.facebook.com\/cursaucursos","article_modified_time":"2023-02-20T18:51:14+00:00","twitter_card":"summary_large_image","schema":{"@context":"https:\/\/schema.org","@graph":[{"@type":"WebPage","@id":"https:\/\/cursaueducacao.com.br\/blog\/inicio\/","url":"https:\/\/cursaueducacao.com.br\/blog\/inicio\/","name":"Inicio - Cursau Educa\u00e7\u00e3o - Blog","isPartOf":{"@id":"https:\/\/cursaueducacao.com.br\/blog\/#website"},"datePublished":"2023-02-20T18:51:13+00:00","dateModified":"2023-02-20T18:51:14+00:00","breadcrumb":{"@id":"https:\/\/cursaueducacao.com.br\/blog\/inicio\/#breadcrumb"},"inLanguage":"pt-BR","potentialAction":[{"@type":"ReadAction","target":["https:\/\/cursaueducacao.com.br\/blog\/inicio\/"]}]},{"@type":"BreadcrumbList","@id":"https:\/\/cursaueducacao.com.br\/blog\/inicio\/#breadcrumb","itemListElement":[{"@type":"ListItem","position":1,"name":"In\u00edcio","item":"https:\/\/cursaueducacao.com.br\/blog\/"},{"@type":"ListItem","position":2,"name":"Inicio"}]},{"@type":"WebSite","@id":"https:\/\/cursaueducacao.com.br\/blog\/#website","url":"https:\/\/cursaueducacao.com.br\/blog\/","name":"Cursau Educa\u00e7\u00e3o - Blog","description":"Blog da Cursau Educa\u00e7\u00e3o","publisher":{"@id":"https:\/\/cursaueducacao.com.br\/blog\/#organization"},"potentialAction":[{"@type":"SearchAction","target":{"@type":"EntryPoint","urlTemplate":"https:\/\/cursaueducacao.com.br\/blog\/?s={search_term_string}"},"query-input":{"@type":"PropertyValueSpecification","valueRequired":true,"valueName":"search_term_string"}}],"inLanguage":"pt-BR"},{"@type":"Organization","@id":"https:\/\/cursaueducacao.com.br\/blog\/#organization","name":"Cursau Educa\u00e7\u00e3o","url":"https:\/\/cursaueducacao.com.br\/blog\/","logo":{"@type":"ImageObject","inLanguage":"pt-BR","@id":"https:\/\/cursaueducacao.com.br\/blog\/#\/schema\/logo\/image\/","url":"https:\/\/cursaueducacao.com.br\/blog\/wp-content\/uploads\/2023\/02\/Logo-cor-Vertical.png","contentUrl":"https:\/\/cursaueducacao.com.br\/blog\/wp-content\/uploads\/2023\/02\/Logo-cor-Vertical.png","width":5751,"height":4900,"caption":"Cursau Educa\u00e7\u00e3o"},"image":{"@id":"https:\/\/cursaueducacao.com.br\/blog\/#\/schema\/logo\/image\/"},"sameAs":["https:\/\/www.facebook.com\/cursaucursos","https:\/\/www.instagram.com\/cursaucursos"]}]}},"_links":{"self":[{"href":"https:\/\/cursaueducacao.com.br\/blog\/wp-json\/wp\/v2\/pages\/16","targetHints":{"allow":["GET"]}}],"collection":[{"href":"https:\/\/cursaueducacao.com.br\/blog\/wp-json\/wp\/v2\/pages"}],"about":[{"href":"https:\/\/cursaueducacao.com.br\/blog\/wp-json\/wp\/v2\/types\/page"}],"author":[{"embeddable":true,"href":"https:\/\/cursaueducacao.com.br\/blog\/wp-json\/wp\/v2\/users\/1"}],"replies":[{"embeddable":true,"href":"https:\/\/cursaueducacao.com.br\/blog\/wp-json\/wp\/v2\/comments?post=16"}],"version-history":[{"count":1,"href":"https:\/\/cursaueducacao.com.br\/blog\/wp-json\/wp\/v2\/pages\/16\/revisions"}],"predecessor-version":[{"id":18,"href":"https:\/\/cursaueducacao.com.br\/blog\/wp-json\/wp\/v2\/pages\/16\/revisions\/18"}],"wp:attachment":[{"href":"https:\/\/cursaueducacao.com.br\/blog\/wp-json\/wp\/v2\/media?parent=16"}],"curies":[{"name":"wp","href":"https:\/\/api.w.org\/{rel}","templated":true}]}}